{"id":192,"date":"2022-01-13T23:29:26","date_gmt":"2022-01-13T22:29:26","guid":{"rendered":"http:\/\/xeekonsult.com\/?page_id=192"},"modified":"2024-12-25T00:14:47","modified_gmt":"2024-12-24T23:14:47","slug":"accounting-and-bookkeeping","status":"publish","type":"page","link":"https:\/\/xeekonsult.com\/sv\/services\/accounting-and-bookkeeping\/","title":{"rendered":"Redovisning och bokf\u00f6ring"},"content":{"rendered":"<p><br>Vi hj\u00e4lper v\u00e5r kund med<\/p>\n\n\n\n\t\t\r\n<div class=\"container service_style1 wlsbp-service-336\">\r\n\t\t<div class=\"row\">\r\n\t\t\t\t\t\t\t<div class=\"wlsbp col-md-3 col-sm-6 sbp_grid\">\r\n\t\t\t\t\t\t<div class=\"ServiceShowcase wlsbp-style1-service-bg-color-336\">\r\n\t\t\t\t\t\t\t\t\t\t\t\t\t\t<div class=\"wlsbp-style1-service-icon wlsbp-style1-service-icon-336\"><i class=\"fas fa-book\"><\/i>\r\n\t\t\t\t\t\t\t<\/div>\r\n\t\t\t\t\t\t\t\t\t\t\t\t\t\t\t\t\t\t\t\t\t\t<h3 class=\"wlsbp-style1-service-title wlsbp-style1-service-title-336\">Bookkeeping<\/h3>\r\n\t\t\t\t\t\t\t\t\t\t\t\t\t\t\t\t\t\t\t\t\t \t\t\t\t\t\t<\/div>\r\n\t\t\t\t\t<\/div>\r\n\t\t\t\t\t\t\t\t\t<div class=\"wlsbp col-md-3 col-sm-6 sbp_grid\">\r\n\t\t\t\t\t\t<div class=\"ServiceShowcase wlsbp-style1-service-bg-color-336\">\r\n\t\t\t\t\t\t\t\t\t\t\t\t\t\t<div class=\"wlsbp-style1-service-icon wlsbp-style1-service-icon-336\"><i class=\"far fa-file-alt\"><\/i>\r\n\t\t\t\t\t\t\t<\/div>\r\n\t\t\t\t\t\t\t\t\t\t\t\t\t\t\t\t\t\t\t\t\t\t<h3 class=\"wlsbp-style1-service-title wlsbp-style1-service-title-336\">Invoicing<\/h3>\r\n\t\t\t\t\t\t\t\t\t\t\t\t\t\t\t\t\t\t\t\t\t \t\t\t\t\t\t<\/div>\r\n\t\t\t\t\t<\/div>\r\n\t\t\t\t\t\t\t\t\t<div class=\"wlsbp col-md-3 col-sm-6 sbp_grid\">\r\n\t\t\t\t\t\t<div class=\"ServiceShowcase wlsbp-style1-service-bg-color-336\">\r\n\t\t\t\t\t\t\t\t\t\t\t\t\t\t<div class=\"wlsbp-style1-service-icon wlsbp-style1-service-icon-336\"><i class=\"fas fa-file-invoice-dollar\"><\/i>\r\n\t\t\t\t\t\t\t<\/div>\r\n\t\t\t\t\t\t\t\t\t\t\t\t\t\t\t\t\t\t\t\t\t\t<h3 class=\"wlsbp-style1-service-title wlsbp-style1-service-title-336\">Taxes and Declarations<\/h3>\r\n\t\t\t\t\t\t\t\t\t\t\t\t\t\t\t\t\t\t\t\t\t \t\t\t\t\t\t<\/div>\r\n\t\t\t\t\t<\/div>\r\n\t\t\t\t\t\t\t\t\t<div class=\"wlsbp col-md-3 col-sm-6 sbp_grid\">\r\n\t\t\t\t\t\t<div class=\"ServiceShowcase wlsbp-style1-service-bg-color-336\">\r\n\t\t\t\t\t\t\t\t\t\t\t\t\t\t<div class=\"wlsbp-style1-service-icon wlsbp-style1-service-icon-336\"><i class=\"fas fa-hand-holding-usd\"><\/i>\r\n\t\t\t\t\t\t\t<\/div>\r\n\t\t\t\t\t\t\t\t\t\t\t\t\t\t\t\t\t\t\t\t\t\t<h3 class=\"wlsbp-style1-service-title wlsbp-style1-service-title-336\">Payroll management<\/h3>\r\n\t\t\t\t\t\t\t\t\t\t\t\t\t\t\t\t\t\t\t\t\t \t\t\t\t\t\t<\/div>\r\n\t\t\t\t\t<\/div>\r\n\t\t\t\t\t\t\t\t\t<div class=\"wlsbp col-md-3 col-sm-6 sbp_grid\">\r\n\t\t\t\t\t\t<div class=\"ServiceShowcase wlsbp-style1-service-bg-color-336\">\r\n\t\t\t\t\t\t\t\t\t\t\t\t\t\t<div class=\"wlsbp-style1-service-icon wlsbp-style1-service-icon-336\"><i class=\"fas fa-paperclip\"><\/i>\r\n\t\t\t\t\t\t\t<\/div>\r\n\t\t\t\t\t\t\t\t\t\t\t\t\t\t\t\t\t\t\t\t\t\t<h3 class=\"wlsbp-style1-service-title wlsbp-style1-service-title-336\">Financial statements<\/h3>\r\n\t\t\t\t\t\t\t\t\t\t\t\t\t\t\t\t\t\t\t\t\t \t\t\t\t\t\t<\/div>\r\n\t\t\t\t\t<\/div>\r\n\t\t\t\t\t\t\t\t\t<div class=\"wlsbp col-md-3 col-sm-6 sbp_grid\">\r\n\t\t\t\t\t\t<div class=\"ServiceShowcase wlsbp-style1-service-bg-color-336\">\r\n\t\t\t\t\t\t\t\t\t\t\t\t\t\t<div class=\"wlsbp-style1-service-icon wlsbp-style1-service-icon-336\"><i class=\"fas fa-journal-whills\"><\/i>\r\n\t\t\t\t\t\t\t<\/div>\r\n\t\t\t\t\t\t\t\t\t\t\t\t\t\t\t\t\t\t\t\t\t\t<h3 class=\"wlsbp-style1-service-title wlsbp-style1-service-title-336\">Anual report<\/h3>\r\n\t\t\t\t\t\t\t\t\t\t\t\t\t\t\t\t\t\t\t\t\t \t\t\t\t\t\t<\/div>\r\n\t\t\t\t\t<\/div>\r\n\t\t\t\t\t\t\t\t\t<div class=\"wlsbp col-md-3 col-sm-6 sbp_grid\">\r\n\t\t\t\t\t\t<div class=\"ServiceShowcase wlsbp-style1-service-bg-color-336\">\r\n\t\t\t\t\t\t\t\t\t\t\t\t\t\t<div class=\"wlsbp-style1-service-icon wlsbp-style1-service-icon-336\"><i class=\"fas fa-user\"><\/i>\r\n\t\t\t\t\t\t\t<\/div>\r\n\t\t\t\t\t\t\t\t\t\t\t\t\t\t\t\t\t\t\t\t\t\t<h3 class=\"wlsbp-style1-service-title wlsbp-style1-service-title-336\">Financial advice<\/h3>\r\n\t\t\t\t\t\t\t\t\t\t\t\t\t\t\t\t\t\t\t\t\t \t\t\t\t\t\t<\/div>\r\n\t\t\t\t\t<\/div>\r\n\t\t\t\t\t\t\t\t\t<div class=\"wlsbp col-md-3 col-sm-6 sbp_grid\">\r\n\t\t\t\t\t\t<div class=\"ServiceShowcase wlsbp-style1-service-bg-color-336\">\r\n\t\t\t\t\t\t\t\t\t\t\t\t\t\t<div class=\"wlsbp-style1-service-icon wlsbp-style1-service-icon-336\"><i class=\"fas fa-building\"><\/i>\r\n\t\t\t\t\t\t\t<\/div>\r\n\t\t\t\t\t\t\t\t\t\t\t\t\t\t\t\t\t\t\t\t\t\t<h3 class=\"wlsbp-style1-service-title wlsbp-style1-service-title-336\">Company registration<\/h3>\r\n\t\t\t\t\t\t\t\t\t\t\t\t\t\t\t\t\t\t\t\t\t \t\t\t\t\t\t<\/div>\r\n\t\t\t\t\t<\/div>\r\n\t\t\t\t\t<\/div>\r\n<\/div>\t\t\n\n\n\n<p class=\"has-small-font-size\"><br>Enklare r\u00e5dgivning<br><\/p>","protected":false},"excerpt":{"rendered":"<p>L\u00f6pande bokf\u00f6ring, Fakturering, Momsdeklaration, L\u00f6nehantering, Bokslut och \u00c5rsredovisning<\/p>","protected":false},"author":2,"featured_media":0,"parent":200,"menu_order":1,"comment_status":"closed","ping_status":"closed","template":"","meta":{"footnotes":""},"class_list":["post-192","page","type-page","status-publish","hentry"],"_links":{"self":[{"href":"https:\/\/xeekonsult.com\/sv\/wp-json\/wp\/v2\/pages\/192","targetHints":{"allow":["GET"]}}],"collection":[{"href":"https:\/\/xeekonsult.com\/sv\/wp-json\/wp\/v2\/pages"}],"about":[{"href":"https:\/\/xeekonsult.com\/sv\/wp-json\/wp\/v2\/types\/page"}],"author":[{"embeddable":true,"href":"https:\/\/xeekonsult.com\/sv\/wp-json\/wp\/v2\/users\/2"}],"replies":[{"embeddable":true,"href":"https:\/\/xeekonsult.com\/sv\/wp-json\/wp\/v2\/comments?post=192"}],"version-history":[{"count":10,"href":"https:\/\/xeekonsult.com\/sv\/wp-json\/wp\/v2\/pages\/192\/revisions"}],"predecessor-version":[{"id":348,"href":"https:\/\/xeekonsult.com\/sv\/wp-json\/wp\/v2\/pages\/192\/revisions\/348"}],"up":[{"embeddable":true,"href":"https:\/\/xeekonsult.com\/sv\/wp-json\/wp\/v2\/pages\/200"}],"wp:attachment":[{"href":"https:\/\/xeekonsult.com\/sv\/wp-json\/wp\/v2\/media?parent=192"}],"curies":[{"name":"wp","href":"https:\/\/api.w.org\/{rel}","templated":true}]}}