{"id":12,"date":"2017-01-28T22:34:31","date_gmt":"2017-01-28T22:34:31","guid":{"rendered":"http:\/\/xeekonsult.com\/?page_id=12"},"modified":"2026-02-18T22:01:22","modified_gmt":"2026-02-18T21:01:22","slug":"contact-us","status":"publish","type":"page","link":"https:\/\/xeekonsult.com\/sv\/contact-us\/","title":{"rendered":"Kontakta oss"},"content":{"rendered":"<div class=\"wp-block-group alignfull\"><div class=\"wp-block-group__inner-container is-layout-flow wp-block-group-is-layout-flow\">\n<div style=\"height:70px\" aria-hidden=\"true\" class=\"wp-block-spacer\"><\/div>\n\n\n\n<div class=\"wp-block-columns alignwide are-vertically-aligned-center is-layout-flex wp-container-core-columns-is-layout-9d6595d7 wp-block-columns-is-layout-flex\">\n<div class=\"wp-block-column is-layout-flow wp-block-column-is-layout-flow\" style=\"flex-basis:50%\">\n<p class=\"has-text-color\" style=\"color:#000000;font-size:30px;line-height:1.1\"><strong>XEE KONSULT AB<\/strong><\/p>\n<\/div>\n\n\n\n<div class=\"wp-block-column is-layout-flow wp-block-column-is-layout-flow\" style=\"flex-basis:50%\">\n<hr class=\"wp-block-separator has-text-color has-css-opacity has-background is-style-wide\" style=\"background-color:#000000;color:#000000\"\/>\n<\/div>\n<\/div>\n\n\n\n<div class=\"wp-block-columns alignwide is-layout-flex wp-container-core-columns-is-layout-9d6595d7 wp-block-columns-is-layout-flex\">\n<div class=\"wp-block-column is-layout-flow wp-block-column-is-layout-flow\">\n<p>Organisationsnummer: 559363-4735<br>VAT-nr: SE559363473501 <br>Godk\u00e4nd f\u00f6r F-skatt<\/p>\n<\/div>\n\n\n\n<div class=\"wp-block-column is-layout-flow wp-block-column-is-layout-flow\">\n<figure class=\"wp-block-image size-large is-style-default\"><img loading=\"lazy\" decoding=\"async\" width=\"1024\" height=\"683\" src=\"https:\/\/xeekonsult.com\/wp-content\/uploads\/2025\/12\/orebro-1024x683.webp\" alt=\"\" class=\"wp-image-405\" style=\"aspect-ratio:3\/2;object-fit:cover\" srcset=\"https:\/\/xeekonsult.com\/wp-content\/uploads\/2025\/12\/orebro-1024x683.webp 1024w, https:\/\/xeekonsult.com\/wp-content\/uploads\/2025\/12\/orebro-300x200.webp 300w, https:\/\/xeekonsult.com\/wp-content\/uploads\/2025\/12\/orebro-768x512.webp 768w, https:\/\/xeekonsult.com\/wp-content\/uploads\/2025\/12\/orebro-1536x1024.webp 1536w, https:\/\/xeekonsult.com\/wp-content\/uploads\/2025\/12\/orebro-2048x1365.webp 2048w, https:\/\/xeekonsult.com\/wp-content\/uploads\/2025\/12\/orebro-18x12.webp 18w\" sizes=\"auto, (max-width: 1024px) 100vw, 1024px\" \/><\/figure>\n\n\n\n<h2 class=\"wp-block-heading has-text-align-center\">\u00d6rebro<\/h2>\n\n\n\n<h4 class=\"wp-block-heading has-text-align-center has-text-color has-extra-small-font-size\" style=\"color:#000000\">Ekonomi och redovisning<\/h4>\n\n\n\n<p class=\"has-text-align-center\">E-post: ekonomi@xeekonsult.com<\/p>\n<\/div>\n\n\n\n<div class=\"wp-block-column is-layout-flow wp-block-column-is-layout-flow\">\n<figure class=\"wp-block-image size-large is-style-default\"><img loading=\"lazy\" decoding=\"async\" width=\"1024\" height=\"566\" src=\"http:\/\/xeekonsult.com\/wp-content\/uploads\/2019\/09\/IMG_0905-1024x566.jpg\" alt=\"\" class=\"wp-image-106\" style=\"aspect-ratio:3\/2;object-fit:cover\" srcset=\"https:\/\/xeekonsult.com\/wp-content\/uploads\/2019\/09\/IMG_0905-1024x566.jpg 1024w, https:\/\/xeekonsult.com\/wp-content\/uploads\/2019\/09\/IMG_0905-300x166.jpg 300w, https:\/\/xeekonsult.com\/wp-content\/uploads\/2019\/09\/IMG_0905-768x425.jpg 768w, https:\/\/xeekonsult.com\/wp-content\/uploads\/2019\/09\/IMG_0905.jpg 2048w\" sizes=\"auto, (max-width: 1024px) 100vw, 1024px\" \/><\/figure>\n\n\n\n<h2 class=\"wp-block-heading has-text-align-center\">Malm\u00f6<\/h2>\n\n\n\n<h4 class=\"wp-block-heading has-text-align-center has-text-color has-extra-small-font-size\" style=\"color:#000000\">Mobilapplikationer och It-tj\u00e4nster<\/h4>\n\n\n\n<p class=\"has-text-align-center\">E-post: info@xeekonsult.com<\/p>\n<\/div>\n<\/div>\n\n\n\n<div class=\"wp-block-columns is-layout-flex wp-container-core-columns-is-layout-9d6595d7 wp-block-columns-is-layout-flex\">\n<div class=\"wp-block-column is-layout-flow wp-block-column-is-layout-flow\"><\/div>\n\n\n\n<div class=\"wp-block-column is-layout-flow wp-block-column-is-layout-flow\"><\/div>\n\n\n\n<div class=\"wp-block-column is-layout-flow wp-block-column-is-layout-flow\"><\/div>\n\n\n\n<div class=\"wp-block-column is-layout-flow wp-block-column-is-layout-flow\"><\/div>\n<\/div>\n<\/div><\/div>\n\n\n\n<p><\/p>","protected":false},"excerpt":{"rendered":"<p>XEE KONSULT AB Organisationsnummer: 559363-4735VAT-nr: SE559363473501 Godk\u00e4nd f\u00f6r F-skatt \u00d6rebro Ekonomi och redovisning E-post: ekonomi@xeekonsult.com Malm\u00f6 Mobilapplikationer och It-tj\u00e4nster E-post: info@xeekonsult.com<\/p>","protected":false},"author":2,"featured_media":0,"parent":0,"menu_order":0,"comment_status":"closed","ping_status":"closed","template":"template-fullwidth.php","meta":{"footnotes":""},"class_list":["post-12","page","type-page","status-publish","hentry"],"_links":{"self":[{"href":"https:\/\/xeekonsult.com\/sv\/wp-json\/wp\/v2\/pages\/12","targetHints":{"allow":["GET"]}}],"collection":[{"href":"https:\/\/xeekonsult.com\/sv\/wp-json\/wp\/v2\/pages"}],"about":[{"href":"https:\/\/xeekonsult.com\/sv\/wp-json\/wp\/v2\/types\/page"}],"author":[{"embeddable":true,"href":"https:\/\/xeekonsult.com\/sv\/wp-json\/wp\/v2\/users\/2"}],"replies":[{"embeddable":true,"href":"https:\/\/xeekonsult.com\/sv\/wp-json\/wp\/v2\/comments?post=12"}],"version-history":[{"count":53,"href":"https:\/\/xeekonsult.com\/sv\/wp-json\/wp\/v2\/pages\/12\/revisions"}],"predecessor-version":[{"id":498,"href":"https:\/\/xeekonsult.com\/sv\/wp-json\/wp\/v2\/pages\/12\/revisions\/498"}],"wp:attachment":[{"href":"https:\/\/xeekonsult.com\/sv\/wp-json\/wp\/v2\/media?parent=12"}],"curies":[{"name":"wp","href":"https:\/\/api.w.org\/{rel}","templated":true}]}}